{"id":341,"date":"2023-06-29T10:53:18","date_gmt":"2023-06-29T08:53:18","guid":{"rendered":"http:\/\/inca-sa.ch\/?page_id=341"},"modified":"2026-01-12T15:17:10","modified_gmt":"2026-01-12T14:17:10","slug":"bestellung","status":"publish","type":"page","link":"https:\/\/inca-sa.ch\/de\/commande\/","title":{"rendered":"Bestellung"},"content":{"rendered":"\t\t<div data-elementor-type=\"wp-page\" data-elementor-id=\"341\" class=\"elementor elementor-341\" data-elementor-post-type=\"page\">\n\t\t\t\t<div class=\"elementor-element elementor-element-51be44b e-flex e-con-boxed e-con e-parent\" data-id=\"51be44b\" data-element_type=\"container\" data-e-type=\"container\">\n\t\t\t\t\t<div class=\"e-con-inner\">\n\t\t<div class=\"elementor-element elementor-element-74081e0 e-flex e-con-boxed e-con e-child\" data-id=\"74081e0\" data-element_type=\"container\" data-e-type=\"container\">\n\t\t\t\t\t<div class=\"e-con-inner\">\n\t\t\t\t<div class=\"elementor-element elementor-element-58ae02f elementor-invisible elementor-widget elementor-widget-heading\" data-id=\"58ae02f\" data-element_type=\"widget\" data-e-type=\"widget\" data-settings=\"{&quot;_animation&quot;:&quot;fadeInLeft&quot;}\" data-widget_type=\"heading.default\">\n\t\t\t\t<div class=\"elementor-widget-container\">\n\t\t\t\t\t<h1 class=\"elementor-heading-title elementor-size-default\">Commande <br> et demande d'offre<\/h1>\t\t\t\t<\/div>\n\t\t\t\t<\/div>\n\t\t\t\t<div class=\"elementor-element elementor-element-0de3c87 elementor-widget elementor-widget-image\" data-id=\"0de3c87\" data-element_type=\"widget\" data-e-type=\"widget\" data-widget_type=\"image.default\">\n\t\t\t\t<div class=\"elementor-widget-container\">\n\t\t\t\t\t\t\t\t\t\t\t\t\t\t\t<img fetchpriority=\"high\" decoding=\"async\" width=\"800\" height=\"447\" src=\"https:\/\/inca-sa.ch\/wp-content\/uploads\/2023\/11\/boite_personnalise-1024x572.jpg\" class=\"attachment-large size-large wp-image-613\" alt=\"boite \u00e0 membrane\" srcset=\"https:\/\/inca-sa.ch\/wp-content\/uploads\/2023\/11\/boite_personnalise-1024x572.jpg 1024w, https:\/\/inca-sa.ch\/wp-content\/uploads\/2023\/11\/boite_personnalise-300x168.jpg 300w, https:\/\/inca-sa.ch\/wp-content\/uploads\/2023\/11\/boite_personnalise-768x429.jpg 768w, https:\/\/inca-sa.ch\/wp-content\/uploads\/2023\/11\/boite_personnalise-18x10.jpg 18w, https:\/\/inca-sa.ch\/wp-content\/uploads\/2023\/11\/boite_personnalise.jpg 1035w\" sizes=\"(max-width: 800px) 100vw, 800px\" \/>\t\t\t\t\t\t\t\t\t\t\t\t\t\t\t<\/div>\n\t\t\t\t<\/div>\n\t\t\t\t<div class=\"elementor-element elementor-element-4e6d607 elementor-widget elementor-widget-heading\" data-id=\"4e6d607\" data-element_type=\"widget\" data-e-type=\"widget\" data-settings=\"{&quot;_animation&quot;:&quot;none&quot;}\" data-widget_type=\"heading.default\">\n\t\t\t\t<div class=\"elementor-widget-container\">\n\t\t\t\t\t<h2 class=\"elementor-heading-title elementor-size-default\">Personnalisation de vos \nboites en s\u00e9rigraphie ou gravure<\/h2>\t\t\t\t<\/div>\n\t\t\t\t<\/div>\n\t\t\t\t<div class=\"elementor-element elementor-element-b38a8fe elementor-widget elementor-widget-text-editor\" data-id=\"b38a8fe\" data-element_type=\"widget\" data-e-type=\"widget\" data-widget_type=\"text-editor.default\">\n\t\t\t\t<div class=\"elementor-widget-container\">\n\t\t\t\t\t\t\t\t\t<p class=\"p1\"><span class=\"s1\">S\u00e9lectionner simplement l\u2019option lors de vos commandes.<\/span><\/p><p class=\"p3\"><span class=\"s2\">Couleurs libre en Pantone<span class=\"Apple-converted-space\">\u00a0<br \/><\/span><\/span><span class=\"s2\">Remettez-nous votre plan avec la position<span class=\"Apple-converted-space\"> \u00a0<br \/><\/span><\/span><span class=\"s2\">et votre logotype en vectoriel<\/span><\/p>\t\t\t\t\t\t\t\t<\/div>\n\t\t\t\t<\/div>\n\t\t\t\t\t<\/div>\n\t\t\t\t<\/div>\n\t\t<div class=\"elementor-element elementor-element-081ff6c e-flex e-con-boxed e-con e-child\" data-id=\"081ff6c\" data-element_type=\"container\" data-e-type=\"container\">\n\t\t\t\t\t<div class=\"e-con-inner\">\n\t\t\t\t<div class=\"elementor-element elementor-element-3662921 elementor-widget elementor-widget-image\" data-id=\"3662921\" data-element_type=\"widget\" data-e-type=\"widget\" data-settings=\"{&quot;motion_fx_motion_fx_scrolling&quot;:&quot;yes&quot;,&quot;motion_fx_translateX_effect&quot;:&quot;yes&quot;,&quot;motion_fx_translateX_speed&quot;:{&quot;unit&quot;:&quot;px&quot;,&quot;size&quot;:1.4,&quot;sizes&quot;:[]},&quot;motion_fx_translateX_affectedRange&quot;:{&quot;unit&quot;:&quot;%&quot;,&quot;size&quot;:&quot;&quot;,&quot;sizes&quot;:{&quot;start&quot;:0,&quot;end&quot;:100}},&quot;motion_fx_devices&quot;:[&quot;desktop&quot;,&quot;laptop&quot;,&quot;tablet_extra&quot;,&quot;tablet&quot;,&quot;mobile_extra&quot;,&quot;mobile&quot;]}\" data-widget_type=\"image.default\">\n\t\t\t\t<div class=\"elementor-widget-container\">\n\t\t\t\t\t\t\t\t\t\t\t\t\t\t\t<img decoding=\"async\" width=\"706\" height=\"635\" src=\"https:\/\/inca-sa.ch\/wp-content\/uploads\/2023\/06\/banner-entreprise.png\" class=\"attachment-full size-full wp-image-121\" alt=\"boite avec membrane\" srcset=\"https:\/\/inca-sa.ch\/wp-content\/uploads\/2023\/06\/banner-entreprise.png 706w, https:\/\/inca-sa.ch\/wp-content\/uploads\/2023\/06\/banner-entreprise-300x270.png 300w\" sizes=\"(max-width: 706px) 100vw, 706px\" \/>\t\t\t\t\t\t\t\t\t\t\t\t\t\t\t<\/div>\n\t\t\t\t<\/div>\n\t\t\t\t<div class=\"elementor-element elementor-element-d29fc0a elementor-widget elementor-widget-image\" data-id=\"d29fc0a\" data-element_type=\"widget\" data-e-type=\"widget\" data-widget_type=\"image.default\">\n\t\t\t\t<div class=\"elementor-widget-container\">\n\t\t\t\t\t\t\t\t\t\t\t\t\t\t\t<img decoding=\"async\" width=\"300\" height=\"204\" src=\"https:\/\/inca-sa.ch\/wp-content\/uploads\/2023\/06\/MicrosoftTeams-image-300x204.jpg\" class=\"attachment-medium size-medium wp-image-408\" alt=\"catalogue produits Inca plastic\" srcset=\"https:\/\/inca-sa.ch\/wp-content\/uploads\/2023\/06\/MicrosoftTeams-image-300x204.jpg 300w, https:\/\/inca-sa.ch\/wp-content\/uploads\/2023\/06\/MicrosoftTeams-image-768x521.jpg 768w, https:\/\/inca-sa.ch\/wp-content\/uploads\/2023\/06\/MicrosoftTeams-image.jpg 831w\" sizes=\"(max-width: 300px) 100vw, 300px\" \/>\t\t\t\t\t\t\t\t\t\t\t\t\t\t\t<\/div>\n\t\t\t\t<\/div>\n\t\t\t\t<div class=\"elementor-element elementor-element-510bbe9 elementor-align-center elementor-invisible elementor-widget elementor-widget-button\" data-id=\"510bbe9\" data-element_type=\"widget\" data-e-type=\"widget\" data-settings=\"{&quot;_animation&quot;:&quot;fadeInUp&quot;}\" data-widget_type=\"button.default\">\n\t\t\t\t<div class=\"elementor-widget-container\">\n\t\t\t\t\t\t\t\t\t<div class=\"elementor-button-wrapper\">\n\t\t\t\t\t<a class=\"elementor-button elementor-button-link elementor-size-sm\" href=\"\/wp-content\/uploads\/general\/Conditions_generales_de_vente_INCA_SA.pdf\" target=\"_blank\">\n\t\t\t\t\t\t<span class=\"elementor-button-content-wrapper\">\n\t\t\t\t\t\t\t\t\t<span class=\"elementor-button-text\">conditions g\u00e9n\u00e9rales de vente<\/span>\n\t\t\t\t\t<\/span>\n\t\t\t\t\t<\/a>\n\t\t\t\t<\/div>\n\t\t\t\t\t\t\t\t<\/div>\n\t\t\t\t<\/div>\n\t\t\t\t\t<\/div>\n\t\t\t\t<\/div>\n\t\t\t\t\t<\/div>\n\t\t\t\t<\/div>\n\t\t<div class=\"elementor-element elementor-element-d8a99e9 e-flex e-con-boxed e-con e-parent\" data-id=\"d8a99e9\" data-element_type=\"container\" data-e-type=\"container\">\n\t\t\t\t\t<div class=\"e-con-inner\">\n\t\t\t\t<div class=\"elementor-element elementor-element-2afb904 elementor-widget elementor-widget-heading\" data-id=\"2afb904\" data-element_type=\"widget\" data-e-type=\"widget\" data-widget_type=\"heading.default\">\n\t\t\t\t<div class=\"elementor-widget-container\">\n\t\t\t\t\t<h2 class=\"elementor-heading-title elementor-size-default\">Demande de devis<\/h2>\t\t\t\t<\/div>\n\t\t\t\t<\/div>\n\t\t\t\t<div class=\"elementor-element elementor-element-4be6128 elementor-button-align-stretch elementor-widget elementor-widget-form\" data-id=\"4be6128\" data-element_type=\"widget\" data-e-type=\"widget\" data-settings=\"{&quot;step_previous_label&quot;:&quot;Pr\\u00e9c\\u00e9dent&quot;,&quot;button_width&quot;:&quot;100&quot;,&quot;step_type&quot;:&quot;number_text&quot;,&quot;step_icon_shape&quot;:&quot;circle&quot;}\" data-widget_type=\"form.default\">\n\t\t\t\t<div class=\"elementor-widget-container\">\n\t\t\t\t\t\t\t<form class=\"elementor-form\" method=\"post\" name=\"Nouveau formulaire\" aria-label=\"Nouveau formulaire\">\n\t\t\t<input type=\"hidden\" name=\"post_id\" value=\"341\"\/>\n\t\t\t<input type=\"hidden\" name=\"form_id\" value=\"4be6128\"\/>\n\t\t\t<input type=\"hidden\" name=\"referer_title\" value=\"INCA SA\" \/>\n\n\t\t\t\n\t\t\t<div class=\"elementor-form-fields-wrapper elementor-labels-above\">\n\t\t\t\t\t\t\t\t<div class=\"elementor-field-type-text elementor-field-group elementor-column elementor-field-group-name elementor-col-100 elementor-field-required elementor-mark-required\">\n\t\t\t\t\t\t\t\t\t\t\t\t<label for=\"form-field-name\" class=\"elementor-field-label\">\n\t\t\t\t\t\t\t\tNom\t\t\t\t\t\t\t<\/label>\n\t\t\t\t\t\t\t\t\t\t\t\t\t\t<input size=\"1\" type=\"text\" name=\"form_fields[name]\" id=\"form-field-name\" class=\"elementor-field elementor-size-sm  elementor-field-textual\" placeholder=\"Nom\" required=\"required\">\n\t\t\t\t\t\t\t\t\t\t\t<\/div>\n\t\t\t\t\t\t\t\t<div class=\"elementor-field-type-text elementor-field-group elementor-column elementor-field-group-field_7fe3c63 elementor-col-100 elementor-field-required elementor-mark-required\">\n\t\t\t\t\t\t\t\t\t\t\t\t<label for=\"form-field-field_7fe3c63\" class=\"elementor-field-label\">\n\t\t\t\t\t\t\t\tPr\u00e9nom\t\t\t\t\t\t\t<\/label>\n\t\t\t\t\t\t\t\t\t\t\t\t\t\t<input size=\"1\" type=\"text\" name=\"form_fields[field_7fe3c63]\" id=\"form-field-field_7fe3c63\" class=\"elementor-field elementor-size-sm  elementor-field-textual\" placeholder=\"Pr\u00e9nom\" required=\"required\">\n\t\t\t\t\t\t\t\t\t\t\t<\/div>\n\t\t\t\t\t\t\t\t<div class=\"elementor-field-type-email elementor-field-group elementor-column elementor-field-group-email elementor-col-100 elementor-field-required elementor-mark-required\">\n\t\t\t\t\t\t\t\t\t\t\t\t<label for=\"form-field-email\" class=\"elementor-field-label\">\n\t\t\t\t\t\t\t\tE-mail\t\t\t\t\t\t\t<\/label>\n\t\t\t\t\t\t\t\t\t\t\t\t\t\t<input size=\"1\" type=\"email\" name=\"form_fields[email]\" id=\"form-field-email\" class=\"elementor-field elementor-size-sm  elementor-field-textual\" placeholder=\"E-mail\" required=\"required\">\n\t\t\t\t\t\t\t\t\t\t\t<\/div>\n\t\t\t\t\t\t\t\t<div class=\"elementor-field-type-tel elementor-field-group elementor-column elementor-field-group-field_93dbb80 elementor-col-100 elementor-field-required elementor-mark-required\">\n\t\t\t\t\t\t\t\t\t\t\t\t<label for=\"form-field-field_93dbb80\" class=\"elementor-field-label\">\n\t\t\t\t\t\t\t\tT\u00e9l\u00e9phone\t\t\t\t\t\t\t<\/label>\n\t\t\t\t\t\t\t\t<input size=\"1\" type=\"tel\" name=\"form_fields[field_93dbb80]\" id=\"form-field-field_93dbb80\" class=\"elementor-field elementor-size-sm  elementor-field-textual\" required=\"required\" pattern=\"[0-9()#&amp;+*-=.]+\" title=\"Nur Nummern oder Telefon-Zeichen (#, -, *, etc) werden akzeptiert.\">\n\n\t\t\t\t\t\t<\/div>\n\t\t\t\t\t\t\t\t<div class=\"elementor-field-type-text elementor-field-group elementor-column elementor-field-group-field_1e74228 elementor-col-100 elementor-field-required elementor-mark-required\">\n\t\t\t\t\t\t\t\t\t\t\t\t<label for=\"form-field-field_1e74228\" class=\"elementor-field-label\">\n\t\t\t\t\t\t\t\tEntreprise\t\t\t\t\t\t\t<\/label>\n\t\t\t\t\t\t\t\t\t\t\t\t\t\t<input size=\"1\" type=\"text\" name=\"form_fields[field_1e74228]\" id=\"form-field-field_1e74228\" class=\"elementor-field elementor-size-sm  elementor-field-textual\" placeholder=\"Entreprise\" required=\"required\">\n\t\t\t\t\t\t\t\t\t\t\t<\/div>\n\t\t\t\t\t\t\t\t<div class=\"elementor-field-type-text elementor-field-group elementor-column elementor-field-group-field_57acf3d elementor-col-100 elementor-field-required elementor-mark-required\">\n\t\t\t\t\t\t\t\t\t\t\t\t<label for=\"form-field-field_57acf3d\" class=\"elementor-field-label\">\n\t\t\t\t\t\t\t\tRue \t\t\t\t\t\t\t<\/label>\n\t\t\t\t\t\t\t\t\t\t\t\t\t\t<input size=\"1\" type=\"text\" name=\"form_fields[field_57acf3d]\" id=\"form-field-field_57acf3d\" class=\"elementor-field elementor-size-sm  elementor-field-textual\" required=\"required\">\n\t\t\t\t\t\t\t\t\t\t\t<\/div>\n\t\t\t\t\t\t\t\t<div class=\"elementor-field-type-text elementor-field-group elementor-column elementor-field-group-field_315017e elementor-col-100 elementor-field-required elementor-mark-required\">\n\t\t\t\t\t\t\t\t\t\t\t\t<label for=\"form-field-field_315017e\" class=\"elementor-field-label\">\n\t\t\t\t\t\t\t\tVille\t\t\t\t\t\t\t<\/label>\n\t\t\t\t\t\t\t\t\t\t\t\t\t\t<input size=\"1\" type=\"text\" name=\"form_fields[field_315017e]\" id=\"form-field-field_315017e\" class=\"elementor-field elementor-size-sm  elementor-field-textual\" required=\"required\">\n\t\t\t\t\t\t\t\t\t\t\t<\/div>\n\t\t\t\t\t\t\t\t<div class=\"elementor-field-type-text elementor-field-group elementor-column elementor-field-group-field_3b10c2b elementor-col-100 elementor-field-required elementor-mark-required\">\n\t\t\t\t\t\t\t\t\t\t\t\t<label for=\"form-field-field_3b10c2b\" class=\"elementor-field-label\">\n\t\t\t\t\t\t\t\tCanton \/ \u00e9tat \/ province\t\t\t\t\t\t\t<\/label>\n\t\t\t\t\t\t\t\t\t\t\t\t\t\t<input size=\"1\" type=\"text\" name=\"form_fields[field_3b10c2b]\" id=\"form-field-field_3b10c2b\" class=\"elementor-field elementor-size-sm  elementor-field-textual\" required=\"required\">\n\t\t\t\t\t\t\t\t\t\t\t<\/div>\n\t\t\t\t\t\t\t\t<div class=\"elementor-field-type-text elementor-field-group elementor-column elementor-field-group-field_0c492a7 elementor-col-100 elementor-field-required elementor-mark-required\">\n\t\t\t\t\t\t\t\t\t\t\t\t<label for=\"form-field-field_0c492a7\" class=\"elementor-field-label\">\n\t\t\t\t\t\t\t\tNPA \/ Code postal\t\t\t\t\t\t\t<\/label>\n\t\t\t\t\t\t\t\t\t\t\t\t\t\t<input size=\"1\" type=\"text\" name=\"form_fields[field_0c492a7]\" id=\"form-field-field_0c492a7\" class=\"elementor-field elementor-size-sm  elementor-field-textual\" required=\"required\">\n\t\t\t\t\t\t\t\t\t\t\t<\/div>\n\t\t\t\t\t\t\t\t<div class=\"elementor-field-type-text elementor-field-group elementor-column elementor-field-group-field_b437116 elementor-col-100 elementor-field-required elementor-mark-required\">\n\t\t\t\t\t\t\t\t\t\t\t\t<label for=\"form-field-field_b437116\" class=\"elementor-field-label\">\n\t\t\t\t\t\t\t\tPays\t\t\t\t\t\t\t<\/label>\n\t\t\t\t\t\t\t\t\t\t\t\t\t\t<input size=\"1\" type=\"text\" name=\"form_fields[field_b437116]\" id=\"form-field-field_b437116\" class=\"elementor-field elementor-size-sm  elementor-field-textual\" required=\"required\">\n\t\t\t\t\t\t\t\t\t\t\t<\/div>\n\t\t\t\t\t\t\t\t<div class=\"elementor-field-type-textarea elementor-field-group elementor-column elementor-field-group-message elementor-col-100 elementor-field-required elementor-mark-required\">\n\t\t\t\t\t\t\t\t\t\t\t\t<label for=\"form-field-message\" class=\"elementor-field-label\">\n\t\t\t\t\t\t\t\tMessage\t\t\t\t\t\t\t<\/label>\n\t\t\t\t\t\t<textarea class=\"elementor-field-textual elementor-field  elementor-size-sm\" name=\"form_fields[message]\" id=\"form-field-message\" rows=\"4\" placeholder=\"Message\" required=\"required\"><\/textarea>\t\t\t\t<\/div>\n\t\t\t\t\t\t\t\t<div class=\"elementor-field-type-acceptance elementor-field-group elementor-column elementor-field-group-field_96bcea2 elementor-col-100 elementor-field-required elementor-mark-required\">\n\t\t\t\t\t\t\t\t\t\t\t\t<label for=\"form-field-field_96bcea2\" class=\"elementor-field-label\">\n\t\t\t\t\t\t\t\tJ'autorise INCA SA \u00e0 collecter et conserver mes donn\u00e9es dans le cadre de ma demande. Ces donn\u00e9es ne seront en aucun cas divulgu\u00e9es \u00e0 des tiers.\t\t\t\t\t\t\t<\/label>\n\t\t\t\t\t\t\t\t<div class=\"elementor-field-subgroup\">\n\t\t\t<span class=\"elementor-field-option\">\n\t\t\t\t<input type=\"checkbox\" name=\"form_fields[field_96bcea2]\" id=\"form-field-field_96bcea2\" class=\"elementor-field elementor-size-sm  elementor-acceptance-field\" required=\"required\">\n\t\t\t\t\t\t\t<\/span>\n\t\t<\/div>\n\t\t\t\t\t\t<\/div>\n\t\t\t\t\t\t\t\t<div class=\"elementor-field-type-recaptcha_v3 elementor-field-group elementor-column elementor-field-group-field_8342c1b elementor-col-100 recaptcha_v3-bottomright\">\n\t\t\t\t\t<div class=\"elementor-field\" id=\"form-field-field_8342c1b\"><div class=\"elementor-g-recaptcha\" data-sitekey=\"6LcqlQ4sAAAAAJXnPBd60EmQiQn9ePJ4TdqzH_Dk\" data-type=\"v3\" data-action=\"Form\" data-badge=\"bottomright\" data-size=\"invisible\"><\/div><\/div>\t\t\t\t<\/div>\n\t\t\t\t\t\t\t\t<div class=\"elementor-field-group elementor-column elementor-field-type-submit elementor-col-100 e-form__buttons\">\n\t\t\t\t\t<button class=\"elementor-button elementor-size-md\" type=\"submit\">\n\t\t\t\t\t\t<span class=\"elementor-button-content-wrapper\">\n\t\t\t\t\t\t\t\t\t\t\t\t\t\t\t\t\t\t\t\t\t\t<span class=\"elementor-button-text\">Envoyer<\/span>\n\t\t\t\t\t\t\t\t\t\t\t\t\t<\/span>\n\t\t\t\t\t<\/button>\n\t\t\t\t<\/div>\n\t\t\t<\/div>\n\t\t<\/form>\n\t\t\t\t\t\t<\/div>\n\t\t\t\t<\/div>\n\t\t\t\t\t<\/div>\n\t\t\t\t<\/div>\n\t\t\t\t<\/div>\n\t\t","protected":false},"excerpt":{"rendered":"<p>Commande et demande d&rsquo;offre Personnalisation de vos boites en s\u00e9rigraphie ou gravure S\u00e9lectionner simplement l\u2019option lors de vos commandes. Couleurs libre en Pantone\u00a0Remettez-nous votre plan avec la position \u00a0et votre logotype en vectoriel conditions g\u00e9n\u00e9rales de vente Demande de devis<\/p>","protected":false},"author":5,"featured_media":0,"parent":0,"menu_order":0,"comment_status":"closed","ping_status":"closed","template":"","meta":{"_acf_changed":false,"footnotes":""},"class_list":["post-341","page","type-page","status-publish","hentry"],"acf":[],"yoast_head":"<!-- This site is optimized with the Yoast SEO plugin v27.4 - https:\/\/yoast.com\/product\/yoast-seo-wordpress\/ -->\n<title>Commande - INCA SA<\/title>\n<meta name=\"description\" content=\"Commande ou demande d&#039;offre : d\u00e9couvrez d\u00e8s aujourd&#039;hui nos bo\u00eetes avec ou sans membrane fabriqu\u00e9es en Suisse.\" \/>\n<meta name=\"robots\" content=\"index, follow, max-snippet:-1, max-image-preview:large, max-video-preview:-1\" \/>\n<link rel=\"canonical\" href=\"https:\/\/inca-sa.ch\/de\/bestellung\/\" \/>\n<meta property=\"og:locale\" content=\"de_DE\" \/>\n<meta property=\"og:type\" content=\"article\" \/>\n<meta property=\"og:title\" content=\"Commande - INCA SA\" \/>\n<meta property=\"og:description\" content=\"Commande ou demande d&#039;offre : d\u00e9couvrez d\u00e8s aujourd&#039;hui nos bo\u00eetes avec ou sans membrane fabriqu\u00e9es en Suisse.\" \/>\n<meta property=\"og:url\" content=\"https:\/\/inca-sa.ch\/de\/bestellung\/\" \/>\n<meta property=\"og:site_name\" content=\"INCA SA\" \/>\n<meta property=\"article:modified_time\" content=\"2026-01-12T14:17:10+00:00\" \/>\n<meta property=\"og:image\" content=\"https:\/\/inca-sa.ch\/wp-content\/uploads\/2023\/11\/boite_personnalise.jpg\" \/>\n\t<meta property=\"og:image:width\" content=\"1035\" \/>\n\t<meta property=\"og:image:height\" content=\"578\" \/>\n\t<meta property=\"og:image:type\" content=\"image\/jpeg\" \/>\n<meta name=\"twitter:card\" content=\"summary_large_image\" \/>\n<meta name=\"twitter:label1\" content=\"Gesch\u00e4tzte Lesezeit\" \/>\n\t<meta name=\"twitter:data1\" content=\"2\u00a0Minuten\" \/>\n<script type=\"application\/ld+json\" class=\"yoast-schema-graph\">{\"@context\":\"https:\\\/\\\/schema.org\",\"@graph\":[{\"@type\":\"WebPage\",\"@id\":\"https:\\\/\\\/inca-sa.ch\\\/commande\\\/\",\"url\":\"https:\\\/\\\/inca-sa.ch\\\/commande\\\/\",\"name\":\"Commande - INCA SA\",\"isPartOf\":{\"@id\":\"https:\\\/\\\/inca-sa.ch\\\/#website\"},\"primaryImageOfPage\":{\"@id\":\"https:\\\/\\\/inca-sa.ch\\\/commande\\\/#primaryimage\"},\"image\":{\"@id\":\"https:\\\/\\\/inca-sa.ch\\\/commande\\\/#primaryimage\"},\"thumbnailUrl\":\"https:\\\/\\\/inca-sa.ch\\\/wp-content\\\/uploads\\\/2023\\\/11\\\/boite_personnalise-1024x572.jpg\",\"datePublished\":\"2023-06-29T08:53:18+00:00\",\"dateModified\":\"2026-01-12T14:17:10+00:00\",\"description\":\"Commande ou demande d'offre : d\u00e9couvrez d\u00e8s aujourd'hui nos bo\u00eetes avec ou sans membrane fabriqu\u00e9es en Suisse.\",\"breadcrumb\":{\"@id\":\"https:\\\/\\\/inca-sa.ch\\\/commande\\\/#breadcrumb\"},\"inLanguage\":\"de\",\"potentialAction\":[{\"@type\":\"ReadAction\",\"target\":[\"https:\\\/\\\/inca-sa.ch\\\/commande\\\/\"]}]},{\"@type\":\"ImageObject\",\"inLanguage\":\"de\",\"@id\":\"https:\\\/\\\/inca-sa.ch\\\/commande\\\/#primaryimage\",\"url\":\"https:\\\/\\\/inca-sa.ch\\\/wp-content\\\/uploads\\\/2023\\\/11\\\/boite_personnalise-1024x572.jpg\",\"contentUrl\":\"https:\\\/\\\/inca-sa.ch\\\/wp-content\\\/uploads\\\/2023\\\/11\\\/boite_personnalise-1024x572.jpg\"},{\"@type\":\"BreadcrumbList\",\"@id\":\"https:\\\/\\\/inca-sa.ch\\\/commande\\\/#breadcrumb\",\"itemListElement\":[{\"@type\":\"ListItem\",\"position\":1,\"name\":\"Accueil\",\"item\":\"https:\\\/\\\/inca-sa.ch\\\/\"},{\"@type\":\"ListItem\",\"position\":2,\"name\":\"Commande\"}]},{\"@type\":\"WebSite\",\"@id\":\"https:\\\/\\\/inca-sa.ch\\\/#website\",\"url\":\"https:\\\/\\\/inca-sa.ch\\\/\",\"name\":\"INCA SA\",\"description\":\"Sp\u00e9cialiste de la boite avec et sans membrane\",\"publisher\":{\"@id\":\"https:\\\/\\\/inca-sa.ch\\\/#organization\"},\"potentialAction\":[{\"@type\":\"SearchAction\",\"target\":{\"@type\":\"EntryPoint\",\"urlTemplate\":\"https:\\\/\\\/inca-sa.ch\\\/?s={search_term_string}\"},\"query-input\":{\"@type\":\"PropertyValueSpecification\",\"valueRequired\":true,\"valueName\":\"search_term_string\"}}],\"inLanguage\":\"de\"},{\"@type\":\"Organization\",\"@id\":\"https:\\\/\\\/inca-sa.ch\\\/#organization\",\"name\":\"INCA SA\",\"url\":\"https:\\\/\\\/inca-sa.ch\\\/\",\"logo\":{\"@type\":\"ImageObject\",\"inLanguage\":\"de\",\"@id\":\"https:\\\/\\\/inca-sa.ch\\\/#\\\/schema\\\/logo\\\/image\\\/\",\"url\":\"https:\\\/\\\/inca-sa.ch\\\/wp-content\\\/uploads\\\/2023\\\/06\\\/logo_baseline_bleu-1.svg\",\"contentUrl\":\"https:\\\/\\\/inca-sa.ch\\\/wp-content\\\/uploads\\\/2023\\\/06\\\/logo_baseline_bleu-1.svg\",\"width\":312,\"height\":187,\"caption\":\"INCA SA\"},\"image\":{\"@id\":\"https:\\\/\\\/inca-sa.ch\\\/#\\\/schema\\\/logo\\\/image\\\/\"},\"sameAs\":[\"https:\\\/\\\/ch.linkedin.com\\\/company\\\/inca-s-a\"]}]}<\/script>\n<!-- \/ Yoast SEO plugin. -->","yoast_head_json":{"title":"Bestellung - INCA SA","description":"Bestellung oder Offertanfrage: Entdecken Sie noch heute unsere in der Schweiz hergestellten Dosen mit oder ohne Membran.","robots":{"index":"index","follow":"follow","max-snippet":"max-snippet:-1","max-image-preview":"max-image-preview:large","max-video-preview":"max-video-preview:-1"},"canonical":"https:\/\/inca-sa.ch\/de\/bestellung\/","og_locale":"de_DE","og_type":"article","og_title":"Commande - INCA SA","og_description":"Commande ou demande d'offre : d\u00e9couvrez d\u00e8s aujourd'hui nos bo\u00eetes avec ou sans membrane fabriqu\u00e9es en Suisse.","og_url":"https:\/\/inca-sa.ch\/de\/bestellung\/","og_site_name":"INCA SA","article_modified_time":"2026-01-12T14:17:10+00:00","og_image":[{"width":1035,"height":578,"url":"https:\/\/inca-sa.ch\/wp-content\/uploads\/2023\/11\/boite_personnalise.jpg","type":"image\/jpeg"}],"twitter_card":"summary_large_image","twitter_misc":{"Gesch\u00e4tzte Lesezeit":"2\u00a0Minuten"},"schema":{"@context":"https:\/\/schema.org","@graph":[{"@type":"WebPage","@id":"https:\/\/inca-sa.ch\/commande\/","url":"https:\/\/inca-sa.ch\/commande\/","name":"Bestellung - INCA SA","isPartOf":{"@id":"https:\/\/inca-sa.ch\/#website"},"primaryImageOfPage":{"@id":"https:\/\/inca-sa.ch\/commande\/#primaryimage"},"image":{"@id":"https:\/\/inca-sa.ch\/commande\/#primaryimage"},"thumbnailUrl":"https:\/\/inca-sa.ch\/wp-content\/uploads\/2023\/11\/boite_personnalise-1024x572.jpg","datePublished":"2023-06-29T08:53:18+00:00","dateModified":"2026-01-12T14:17:10+00:00","description":"Bestellung oder Offertanfrage: Entdecken Sie noch heute unsere in der Schweiz hergestellten Dosen mit oder ohne Membran.","breadcrumb":{"@id":"https:\/\/inca-sa.ch\/commande\/#breadcrumb"},"inLanguage":"de","potentialAction":[{"@type":"ReadAction","target":["https:\/\/inca-sa.ch\/commande\/"]}]},{"@type":"ImageObject","inLanguage":"de","@id":"https:\/\/inca-sa.ch\/commande\/#primaryimage","url":"https:\/\/inca-sa.ch\/wp-content\/uploads\/2023\/11\/boite_personnalise-1024x572.jpg","contentUrl":"https:\/\/inca-sa.ch\/wp-content\/uploads\/2023\/11\/boite_personnalise-1024x572.jpg"},{"@type":"BreadcrumbList","@id":"https:\/\/inca-sa.ch\/commande\/#breadcrumb","itemListElement":[{"@type":"ListItem","position":1,"name":"Accueil","item":"https:\/\/inca-sa.ch\/"},{"@type":"ListItem","position":2,"name":"Commande"}]},{"@type":"WebSite","@id":"https:\/\/inca-sa.ch\/#website","url":"https:\/\/inca-sa.ch\/","name":"INCA SA","description":"Spezialist f\u00fcr Schachteln mit und ohne Membrane","publisher":{"@id":"https:\/\/inca-sa.ch\/#organization"},"potentialAction":[{"@type":"SearchAction","target":{"@type":"EntryPoint","urlTemplate":"https:\/\/inca-sa.ch\/?s={search_term_string}"},"query-input":{"@type":"PropertyValueSpecification","valueRequired":true,"valueName":"search_term_string"}}],"inLanguage":"de"},{"@type":"Organization","@id":"https:\/\/inca-sa.ch\/#organization","name":"INCA SA","url":"https:\/\/inca-sa.ch\/","logo":{"@type":"ImageObject","inLanguage":"de","@id":"https:\/\/inca-sa.ch\/#\/schema\/logo\/image\/","url":"https:\/\/inca-sa.ch\/wp-content\/uploads\/2023\/06\/logo_baseline_bleu-1.svg","contentUrl":"https:\/\/inca-sa.ch\/wp-content\/uploads\/2023\/06\/logo_baseline_bleu-1.svg","width":312,"height":187,"caption":"INCA SA"},"image":{"@id":"https:\/\/inca-sa.ch\/#\/schema\/logo\/image\/"},"sameAs":["https:\/\/ch.linkedin.com\/company\/inca-s-a"]}]}},"_links":{"self":[{"href":"https:\/\/inca-sa.ch\/de\/wp-json\/wp\/v2\/pages\/341","targetHints":{"allow":["GET"]}}],"collection":[{"href":"https:\/\/inca-sa.ch\/de\/wp-json\/wp\/v2\/pages"}],"about":[{"href":"https:\/\/inca-sa.ch\/de\/wp-json\/wp\/v2\/types\/page"}],"author":[{"embeddable":true,"href":"https:\/\/inca-sa.ch\/de\/wp-json\/wp\/v2\/users\/5"}],"replies":[{"embeddable":true,"href":"https:\/\/inca-sa.ch\/de\/wp-json\/wp\/v2\/comments?post=341"}],"version-history":[{"count":89,"href":"https:\/\/inca-sa.ch\/de\/wp-json\/wp\/v2\/pages\/341\/revisions"}],"predecessor-version":[{"id":2370,"href":"https:\/\/inca-sa.ch\/de\/wp-json\/wp\/v2\/pages\/341\/revisions\/2370"}],"wp:attachment":[{"href":"https:\/\/inca-sa.ch\/de\/wp-json\/wp\/v2\/media?parent=341"}],"curies":[{"name":"wp","href":"https:\/\/api.w.org\/{rel}","templated":true}]}}